{"id":112,"date":"2015-06-08T00:05:18","date_gmt":"2015-06-07T21:05:18","guid":{"rendered":"http:\/\/deili.fi\/?page_id=112"},"modified":"2021-10-20T22:24:47","modified_gmt":"2021-10-20T19:24:47","slug":"opel-vivaro","status":"publish","type":"page","link":"http:\/\/deili.fi\/?page_id=112","title":{"rendered":"Vw Transporter"},"content":{"rendered":"<p style=\"text-align: center;\"><strong>En mellanstor paketbil med dubbla d\u00f6rrar bak och skjutd\u00f6rr p\u00e5 h\u00f6gersida.<\/strong><\/p>\n<p style=\"text-align: center;\"><strong>Keskikokoinen paku kahdella takaovella ja liukuovi oikealla puolella.<\/strong><\/p>\n<p style=\"text-align: center;\">2l dieselmotor<\/p>\n<p style=\"text-align: center;\">5v\u00e4xlad\/vaiht.<\/p>\n<p style=\"text-align: center;\">3 pers\/henk.<\/p>\n<p style=\"text-align: center;\">f\u00f6rs\u00e4kring ing\u00e5r (sj\u00e4lvrisk 700\u20ac)<\/p>\n<p style=\"text-align: center;\">vakuutus sis. (omavastuu 700\u20ac)<\/p>\n","protected":false},"excerpt":{"rendered":"<p>En mellanstor paketbil med dubbla d\u00f6rrar bak och skjutd\u00f6rr p\u00e5 h\u00f6gersida. Keskikokoinen paku kahdella takaovella ja liukuovi oikealla puolella. 2l dieselmotor 5v\u00e4xlad\/vaiht. 3 pers\/henk. f\u00f6rs\u00e4kring ing\u00e5r (sj\u00e4lvrisk 700\u20ac) vakuutus sis. (omavastuu 700\u20ac)<\/p>\n","protected":false},"author":1,"featured_media":328,"parent":87,"menu_order":1,"comment_status":"closed","ping_status":"open","template":"","meta":[],"_links":{"self":[{"href":"http:\/\/deili.fi\/index.php?rest_route=\/wp\/v2\/pages\/112"}],"collection":[{"href":"http:\/\/deili.fi\/index.php?rest_route=\/wp\/v2\/pages"}],"about":[{"href":"http:\/\/deili.fi\/index.php?rest_route=\/wp\/v2\/types\/page"}],"author":[{"embeddable":true,"href":"http:\/\/deili.fi\/index.php?rest_route=\/wp\/v2\/users\/1"}],"replies":[{"embeddable":true,"href":"http:\/\/deili.fi\/index.php?rest_route=%2Fwp%2Fv2%2Fcomments&post=112"}],"version-history":[{"count":4,"href":"http:\/\/deili.fi\/index.php?rest_route=\/wp\/v2\/pages\/112\/revisions"}],"predecessor-version":[{"id":339,"href":"http:\/\/deili.fi\/index.php?rest_route=\/wp\/v2\/pages\/112\/revisions\/339"}],"up":[{"embeddable":true,"href":"http:\/\/deili.fi\/index.php?rest_route=\/wp\/v2\/pages\/87"}],"wp:featuredmedia":[{"embeddable":true,"href":"http:\/\/deili.fi\/index.php?rest_route=\/wp\/v2\/media\/328"}],"wp:attachment":[{"href":"http:\/\/deili.fi\/index.php?rest_route=%2Fwp%2Fv2%2Fmedia&parent=112"}],"curies":[{"name":"wp","href":"https:\/\/api.w.org\/{rel}","templated":true}]}}