{"id":225,"date":"2015-11-29T18:44:04","date_gmt":"2015-11-29T15:44:04","guid":{"rendered":"http:\/\/deili.fi\/?page_id=225"},"modified":"2021-10-20T22:16:23","modified_gmt":"2021-10-20T19:16:23","slug":"mb-sprinter","status":"publish","type":"page","link":"http:\/\/deili.fi\/?page_id=225","title":{"rendered":"Mb Sprinter"},"content":{"rendered":"<p style=\"text-align: center;\">Mb Sprinter 316<br \/>\nEn rymlig minibuss<\/p>\n<p style=\"text-align: center;\">Tilava minibussi<\/p>\n<p style=\"text-align: center;\">diesel<\/p>\n<p style=\"text-align: center;\">4-d\u00f6rrar\/ovea<\/p>\n<p style=\"text-align: center;\">9-pers\/henk.(13)<\/p>\n<p style=\"text-align: center;\">AC<\/p>\n<p style=\"text-align: center;\">aut.v\u00e4xell\u00e5da<\/p>\n<p style=\"text-align: center;\">dragkrok\/vetokoukku<\/p>\n<p style=\"text-align: center;\">f\u00f6rs\u00e4kring ing\u00e5r (sj\u00e4lvrisk 700\u20ac)<\/p>\n<p style=\"text-align: center;\">vakuutus sis. (omavastuu 700\u20ac)<\/p>\n","protected":false},"excerpt":{"rendered":"<p>Mb Sprinter 316 En rymlig minibuss Tilava minibussi diesel 4-d\u00f6rrar\/ovea 9-pers\/henk.(13) AC aut.v\u00e4xell\u00e5da dragkrok\/vetokoukku f\u00f6rs\u00e4kring ing\u00e5r (sj\u00e4lvrisk 700\u20ac) vakuutus sis. (omavastuu 700\u20ac)<\/p>\n","protected":false},"author":1,"featured_media":334,"parent":26,"menu_order":6,"comment_status":"closed","ping_status":"closed","template":"","meta":[],"_links":{"self":[{"href":"http:\/\/deili.fi\/index.php?rest_route=\/wp\/v2\/pages\/225"}],"collection":[{"href":"http:\/\/deili.fi\/index.php?rest_route=\/wp\/v2\/pages"}],"about":[{"href":"http:\/\/deili.fi\/index.php?rest_route=\/wp\/v2\/types\/page"}],"author":[{"embeddable":true,"href":"http:\/\/deili.fi\/index.php?rest_route=\/wp\/v2\/users\/1"}],"replies":[{"embeddable":true,"href":"http:\/\/deili.fi\/index.php?rest_route=%2Fwp%2Fv2%2Fcomments&post=225"}],"version-history":[{"count":5,"href":"http:\/\/deili.fi\/index.php?rest_route=\/wp\/v2\/pages\/225\/revisions"}],"predecessor-version":[{"id":335,"href":"http:\/\/deili.fi\/index.php?rest_route=\/wp\/v2\/pages\/225\/revisions\/335"}],"up":[{"embeddable":true,"href":"http:\/\/deili.fi\/index.php?rest_route=\/wp\/v2\/pages\/26"}],"wp:featuredmedia":[{"embeddable":true,"href":"http:\/\/deili.fi\/index.php?rest_route=\/wp\/v2\/media\/334"}],"wp:attachment":[{"href":"http:\/\/deili.fi\/index.php?rest_route=%2Fwp%2Fv2%2Fmedia&parent=225"}],"curies":[{"name":"wp","href":"https:\/\/api.w.org\/{rel}","templated":true}]}}