{"id":239,"date":"2016-03-07T11:46:14","date_gmt":"2016-03-07T08:46:14","guid":{"rendered":"http:\/\/deili.fi\/?page_id=239"},"modified":"2021-10-20T22:47:43","modified_gmt":"2021-10-20T19:47:43","slug":"man-power","status":"publish","type":"page","link":"http:\/\/deili.fi\/?page_id=239","title":{"rendered":"Man Power"},"content":{"rendered":"<p style=\"text-align: center;\">Vi kan erbjuda arbetskraft till olika tj\u00e4nster ifall ni tillf\u00e4lligt beh\u00f6ver mera.<\/p>\n<p style=\"text-align: center;\">Voimme tarjota ty\u00f6voima erilaisiin tarpeisiin jos tarvitset lis\u00e4\u00e4 ty\u00f6miehi\u00e4.<\/p>\n<p style=\"text-align: center;\">A BE CE DE- k\u00f6rkort\/ajokortti<\/p>\n<p style=\"text-align: center;\">Taxikort<\/p>\n<p style=\"text-align: center;\">Truckkort<\/p>\n<p style=\"text-align: center;\">Ramp<\/p>\n<p style=\"text-align: center;\">Mekaniker, D\u00e4ckarbeten, Ramp, Lastning, Chauff\u00f6rstj\u00e4nster, St\u00e4dning, Syarbeten mm.<\/p>\n","protected":false},"excerpt":{"rendered":"<p>Vi kan erbjuda arbetskraft till olika tj\u00e4nster ifall ni tillf\u00e4lligt beh\u00f6ver mera. Voimme tarjota ty\u00f6voima erilaisiin tarpeisiin jos tarvitset lis\u00e4\u00e4 ty\u00f6miehi\u00e4. A BE CE DE- k\u00f6rkort\/ajokortti Taxikort Truckkort Ramp Mekaniker, D\u00e4ckarbeten, Ramp, Lastning, Chauff\u00f6rstj\u00e4nster, St\u00e4dning, Syarbeten mm.<\/p>\n","protected":false},"author":1,"featured_media":0,"parent":0,"menu_order":3,"comment_status":"closed","ping_status":"closed","template":"","meta":[],"_links":{"self":[{"href":"http:\/\/deili.fi\/index.php?rest_route=\/wp\/v2\/pages\/239"}],"collection":[{"href":"http:\/\/deili.fi\/index.php?rest_route=\/wp\/v2\/pages"}],"about":[{"href":"http:\/\/deili.fi\/index.php?rest_route=\/wp\/v2\/types\/page"}],"author":[{"embeddable":true,"href":"http:\/\/deili.fi\/index.php?rest_route=\/wp\/v2\/users\/1"}],"replies":[{"embeddable":true,"href":"http:\/\/deili.fi\/index.php?rest_route=%2Fwp%2Fv2%2Fcomments&post=239"}],"version-history":[{"count":3,"href":"http:\/\/deili.fi\/index.php?rest_route=\/wp\/v2\/pages\/239\/revisions"}],"predecessor-version":[{"id":308,"href":"http:\/\/deili.fi\/index.php?rest_route=\/wp\/v2\/pages\/239\/revisions\/308"}],"wp:attachment":[{"href":"http:\/\/deili.fi\/index.php?rest_route=%2Fwp%2Fv2%2Fmedia&parent=239"}],"curies":[{"name":"wp","href":"https:\/\/api.w.org\/{rel}","templated":true}]}}