{"id":248,"date":"2016-04-03T21:59:55","date_gmt":"2016-04-03T18:59:55","guid":{"rendered":"http:\/\/deili.fi\/?page_id=248"},"modified":"2016-04-03T21:59:55","modified_gmt":"2016-04-03T18:59:55","slug":"angtvatt","status":"publish","type":"page","link":"http:\/\/deili.fi\/?page_id=248","title":{"rendered":"\u00c5ngtv\u00e4tt"},"content":{"rendered":"<p style=\"text-align: center;\">K\u00e4rcher \u00e5ngtv\u00e4tt Puzi 8\/1<\/p>\n<p style=\"text-align: center;\">Bilinredningar, mattor och textilier<\/p>\n","protected":false},"excerpt":{"rendered":"<p>K\u00e4rcher \u00e5ngtv\u00e4tt Puzi 8\/1 Bilinredningar, mattor och textilier<\/p>\n","protected":false},"author":1,"featured_media":249,"parent":212,"menu_order":0,"comment_status":"closed","ping_status":"open","template":"","meta":[],"_links":{"self":[{"href":"http:\/\/deili.fi\/index.php?rest_route=\/wp\/v2\/pages\/248"}],"collection":[{"href":"http:\/\/deili.fi\/index.php?rest_route=\/wp\/v2\/pages"}],"about":[{"href":"http:\/\/deili.fi\/index.php?rest_route=\/wp\/v2\/types\/page"}],"author":[{"embeddable":true,"href":"http:\/\/deili.fi\/index.php?rest_route=\/wp\/v2\/users\/1"}],"replies":[{"embeddable":true,"href":"http:\/\/deili.fi\/index.php?rest_route=%2Fwp%2Fv2%2Fcomments&post=248"}],"version-history":[{"count":1,"href":"http:\/\/deili.fi\/index.php?rest_route=\/wp\/v2\/pages\/248\/revisions"}],"predecessor-version":[{"id":250,"href":"http:\/\/deili.fi\/index.php?rest_route=\/wp\/v2\/pages\/248\/revisions\/250"}],"up":[{"embeddable":true,"href":"http:\/\/deili.fi\/index.php?rest_route=\/wp\/v2\/pages\/212"}],"wp:featuredmedia":[{"embeddable":true,"href":"http:\/\/deili.fi\/index.php?rest_route=\/wp\/v2\/media\/249"}],"wp:attachment":[{"href":"http:\/\/deili.fi\/index.php?rest_route=%2Fwp%2Fv2%2Fmedia&parent=248"}],"curies":[{"name":"wp","href":"https:\/\/api.w.org\/{rel}","templated":true}]}}