{"id":256,"date":"2016-06-22T10:41:09","date_gmt":"2016-06-22T07:41:09","guid":{"rendered":"http:\/\/deili.fi\/?page_id=256"},"modified":"2021-10-20T22:10:14","modified_gmt":"2021-10-20T19:10:14","slug":"vw-transporter-2","status":"publish","type":"page","link":"http:\/\/deili.fi\/?page_id=256","title":{"rendered":"Vw Caravelle"},"content":{"rendered":"<p style=\"text-align: center;\">En rymlig 9 personers bil<\/p>\n<p style=\"text-align: center;\">diesel<\/p>\n<p style=\"text-align: center;\">4-d\u00f6rrar\/ovea<\/p>\n<p style=\"text-align: center;\">aut AC<\/p>\n<p style=\"text-align: center;\">dragkrok<\/p>\n<p style=\"text-align: center;\">man.v\u00e4xell\u00e5da\/vaihteisto<\/p>\n<p style=\"text-align: center;\">f\u00f6rs\u00e4kring ing\u00e5r (sj\u00e4lvrisk 700\u20ac)<\/p>\n<p style=\"text-align: center;\">vakuutus sis. (omavastuu 700\u20ac)<\/p>\n","protected":false},"excerpt":{"rendered":"<p>En rymlig 9 personers bil diesel 4-d\u00f6rrar\/ovea aut AC dragkrok man.v\u00e4xell\u00e5da\/vaihteisto f\u00f6rs\u00e4kring ing\u00e5r (sj\u00e4lvrisk 700\u20ac) vakuutus sis. (omavastuu 700\u20ac)<\/p>\n","protected":false},"author":1,"featured_media":331,"parent":26,"menu_order":5,"comment_status":"closed","ping_status":"closed","template":"","meta":[],"_links":{"self":[{"href":"http:\/\/deili.fi\/index.php?rest_route=\/wp\/v2\/pages\/256"}],"collection":[{"href":"http:\/\/deili.fi\/index.php?rest_route=\/wp\/v2\/pages"}],"about":[{"href":"http:\/\/deili.fi\/index.php?rest_route=\/wp\/v2\/types\/page"}],"author":[{"embeddable":true,"href":"http:\/\/deili.fi\/index.php?rest_route=\/wp\/v2\/users\/1"}],"replies":[{"embeddable":true,"href":"http:\/\/deili.fi\/index.php?rest_route=%2Fwp%2Fv2%2Fcomments&post=256"}],"version-history":[{"count":5,"href":"http:\/\/deili.fi\/index.php?rest_route=\/wp\/v2\/pages\/256\/revisions"}],"predecessor-version":[{"id":332,"href":"http:\/\/deili.fi\/index.php?rest_route=\/wp\/v2\/pages\/256\/revisions\/332"}],"up":[{"embeddable":true,"href":"http:\/\/deili.fi\/index.php?rest_route=\/wp\/v2\/pages\/26"}],"wp:featuredmedia":[{"embeddable":true,"href":"http:\/\/deili.fi\/index.php?rest_route=\/wp\/v2\/media\/331"}],"wp:attachment":[{"href":"http:\/\/deili.fi\/index.php?rest_route=%2Fwp%2Fv2%2Fmedia&parent=256"}],"curies":[{"name":"wp","href":"https:\/\/api.w.org\/{rel}","templated":true}]}}