{"id":296,"date":"2017-04-04T09:27:16","date_gmt":"2017-04-04T06:27:16","guid":{"rendered":"http:\/\/deili.fi\/?page_id=296"},"modified":"2021-10-20T21:45:44","modified_gmt":"2021-10-20T18:45:44","slug":"vw-golf","status":"publish","type":"page","link":"http:\/\/deili.fi\/?page_id=296","title":{"rendered":"Vw Golf (B-klass)"},"content":{"rendered":"<p style=\"text-align: center;\"><strong>En n\u00e4tt och smidig bil med 1 liters ekonomisk bensinmotor.<\/strong><\/p>\n<p style=\"text-align: center;\"><strong>Pieni ja n\u00e4pp\u00e4r\u00e4 auto 1 litran taloudellisella bensiinikoneella.<\/strong><\/p>\n<p style=\"text-align: center;\">4 d\u00f6rrar\/ovea<\/p>\n<p style=\"text-align: center;\">5 pers\/henk.<\/p>\n<p style=\"text-align: center;\">aut. AC<\/p>\n<p style=\"text-align: center;\">AUX\/USB-stereo<\/p>\n<p style=\"text-align: center;\">manuell<\/p>\n<p style=\"text-align: center;\">stop n\u00b4go<\/p>\n<p style=\"text-align: center;\">f\u00f6rs\u00e4kring ing\u00e5r (sj\u00e4lvrisk 700\u20ac, endast i kraft i Finland)<\/p>\n<p style=\"text-align: center;\">vakuutus sis. (omavastuu 700\u20ac vain voimassa Suomessa)<\/p>\n","protected":false},"excerpt":{"rendered":"<p>En n\u00e4tt och smidig bil med 1 liters ekonomisk bensinmotor. Pieni ja n\u00e4pp\u00e4r\u00e4 auto 1 litran taloudellisella bensiinikoneella. 4 d\u00f6rrar\/ovea 5 pers\/henk. aut. AC AUX\/USB-stereo manuell stop n\u00b4go f\u00f6rs\u00e4kring ing\u00e5r (sj\u00e4lvrisk 700\u20ac, endast i kraft i Finland) vakuutus sis. (omavastuu 700\u20ac vain voimassa Suomessa)<\/p>\n","protected":false},"author":1,"featured_media":318,"parent":26,"menu_order":2,"comment_status":"closed","ping_status":"closed","template":"","meta":[],"_links":{"self":[{"href":"http:\/\/deili.fi\/index.php?rest_route=\/wp\/v2\/pages\/296"}],"collection":[{"href":"http:\/\/deili.fi\/index.php?rest_route=\/wp\/v2\/pages"}],"about":[{"href":"http:\/\/deili.fi\/index.php?rest_route=\/wp\/v2\/types\/page"}],"author":[{"embeddable":true,"href":"http:\/\/deili.fi\/index.php?rest_route=\/wp\/v2\/users\/1"}],"replies":[{"embeddable":true,"href":"http:\/\/deili.fi\/index.php?rest_route=%2Fwp%2Fv2%2Fcomments&post=296"}],"version-history":[{"count":3,"href":"http:\/\/deili.fi\/index.php?rest_route=\/wp\/v2\/pages\/296\/revisions"}],"predecessor-version":[{"id":319,"href":"http:\/\/deili.fi\/index.php?rest_route=\/wp\/v2\/pages\/296\/revisions\/319"}],"up":[{"embeddable":true,"href":"http:\/\/deili.fi\/index.php?rest_route=\/wp\/v2\/pages\/26"}],"wp:featuredmedia":[{"embeddable":true,"href":"http:\/\/deili.fi\/index.php?rest_route=\/wp\/v2\/media\/318"}],"wp:attachment":[{"href":"http:\/\/deili.fi\/index.php?rest_route=%2Fwp%2Fv2%2Fmedia&parent=296"}],"curies":[{"name":"wp","href":"https:\/\/api.w.org\/{rel}","templated":true}]}}