{"id":305,"date":"2017-08-14T22:04:54","date_gmt":"2017-08-14T19:04:54","guid":{"rendered":"http:\/\/deili.fi\/?page_id=305"},"modified":"2021-10-20T22:21:26","modified_gmt":"2021-10-20T19:21:26","slug":"fiat-ducato","status":"publish","type":"page","link":"http:\/\/deili.fi\/?page_id=305","title":{"rendered":"Fiat Ducato"},"content":{"rendered":"<p style=\"text-align: center;\"><strong>En stor paketbil med dubbla d\u00f6rrar baktill och skjutd\u00f6rr p\u00e5 h\u00f6ger sida.<\/strong><\/p>\n<p style=\"text-align: center;\"><strong>Isokokoinen paku kahdella takaovella ja liukuovi oikealla puolella.<\/strong><\/p>\n<p style=\"text-align: center;\">2,3l dieselmotor<\/p>\n<p style=\"text-align: center;\">3 pers\/henk.<\/p>\n<p style=\"text-align: center;\">manuell<\/p>\n<p style=\"text-align: center;\">2017<\/p>\n<p style=\"text-align: center;\">AC<\/p>\n<p style=\"text-align: center;\">Cruise<\/p>\n<p style=\"text-align: center;\">Bluetooth, AUX, USB<\/p>\n<p style=\"text-align: center;\">dragkrok\/vetokoukku (2500 kg, 13pol)<\/p>\n<p style=\"text-align: center;\">f\u00f6rs\u00e4kring ing\u00e5r (sj\u00e4lvrisk 700\u20ac)<\/p>\n<p style=\"text-align: center;\">vakuutus sis. (omavastuu 700\u20ac)<\/p>\n","protected":false},"excerpt":{"rendered":"<p>En stor paketbil med dubbla d\u00f6rrar baktill och skjutd\u00f6rr p\u00e5 h\u00f6ger sida. Isokokoinen paku kahdella takaovella ja liukuovi oikealla puolella. 2,3l dieselmotor 3 pers\/henk. manuell 2017 AC Cruise Bluetooth, AUX, USB dragkrok\/vetokoukku (2500 kg, 13pol) f\u00f6rs\u00e4kring ing\u00e5r (sj\u00e4lvrisk 700\u20ac) vakuutus sis. (omavastuu 700\u20ac)<\/p>\n","protected":false},"author":1,"featured_media":337,"parent":87,"menu_order":3,"comment_status":"closed","ping_status":"closed","template":"","meta":[],"_links":{"self":[{"href":"http:\/\/deili.fi\/index.php?rest_route=\/wp\/v2\/pages\/305"}],"collection":[{"href":"http:\/\/deili.fi\/index.php?rest_route=\/wp\/v2\/pages"}],"about":[{"href":"http:\/\/deili.fi\/index.php?rest_route=\/wp\/v2\/types\/page"}],"author":[{"embeddable":true,"href":"http:\/\/deili.fi\/index.php?rest_route=\/wp\/v2\/users\/1"}],"replies":[{"embeddable":true,"href":"http:\/\/deili.fi\/index.php?rest_route=%2Fwp%2Fv2%2Fcomments&post=305"}],"version-history":[{"count":1,"href":"http:\/\/deili.fi\/index.php?rest_route=\/wp\/v2\/pages\/305\/revisions"}],"predecessor-version":[{"id":307,"href":"http:\/\/deili.fi\/index.php?rest_route=\/wp\/v2\/pages\/305\/revisions\/307"}],"up":[{"embeddable":true,"href":"http:\/\/deili.fi\/index.php?rest_route=\/wp\/v2\/pages\/87"}],"wp:featuredmedia":[{"embeddable":true,"href":"http:\/\/deili.fi\/index.php?rest_route=\/wp\/v2\/media\/337"}],"wp:attachment":[{"href":"http:\/\/deili.fi\/index.php?rest_route=%2Fwp%2Fv2%2Fmedia&parent=305"}],"curies":[{"name":"wp","href":"https:\/\/api.w.org\/{rel}","templated":true}]}}