{"id":33,"date":"2015-04-07T22:26:42","date_gmt":"2015-04-07T19:26:42","guid":{"rendered":"http:\/\/deili.fi\/?page_id=33"},"modified":"2021-10-20T22:33:41","modified_gmt":"2021-10-20T19:33:41","slug":"peugeot-boxer","status":"publish","type":"page","link":"http:\/\/deili.fi\/?page_id=33","title":{"rendered":"Fiat Talento"},"content":{"rendered":"<p style=\"text-align: center;\"><strong>En mellanstor paketbil med dubbla d\u00f6rrar baktill och skjutd\u00f6rr p\u00e5 h\u00f6ger sida.<\/strong><\/p>\n<p style=\"text-align: center;\"><strong>Isokokoinen paku kahdella takaovella ja liukuovi oikealla puolella.<\/strong><\/p>\n<p style=\"text-align: center;\">2l dieselmotor<\/p>\n<p style=\"text-align: center;\">3 pers\/henk.<\/p>\n<p style=\"text-align: center;\">manuell<\/p>\n<p style=\"text-align: center;\">2019<\/p>\n<p style=\"text-align: center;\">AC<\/p>\n<p style=\"text-align: center;\">Cruise<\/p>\n<p style=\"text-align: center;\">Bluetooth, AUX, USB<\/p>\n<p style=\"text-align: center;\">dragkrok\/vetokoukku (2000 kg, 13pol)<\/p>\n<p style=\"text-align: center;\">f\u00f6rs\u00e4kring ing\u00e5r (sj\u00e4lvrisk 700\u20ac)<\/p>\n<p style=\"text-align: center;\">vakuutus sis. (omavastuu 700\u20ac)<\/p>\n","protected":false},"excerpt":{"rendered":"<p>En mellanstor paketbil med dubbla d\u00f6rrar baktill och skjutd\u00f6rr p\u00e5 h\u00f6ger sida. Isokokoinen paku kahdella takaovella ja liukuovi oikealla puolella. 2l dieselmotor 3 pers\/henk. manuell 2019 AC Cruise Bluetooth, AUX, USB dragkrok\/vetokoukku (2000 kg, 13pol) f\u00f6rs\u00e4kring ing\u00e5r (sj\u00e4lvrisk 700\u20ac) vakuutus sis. (omavastuu 700\u20ac)<\/p>\n","protected":false},"author":1,"featured_media":344,"parent":87,"menu_order":2,"comment_status":"closed","ping_status":"closed","template":"","meta":[],"_links":{"self":[{"href":"http:\/\/deili.fi\/index.php?rest_route=\/wp\/v2\/pages\/33"}],"collection":[{"href":"http:\/\/deili.fi\/index.php?rest_route=\/wp\/v2\/pages"}],"about":[{"href":"http:\/\/deili.fi\/index.php?rest_route=\/wp\/v2\/types\/page"}],"author":[{"embeddable":true,"href":"http:\/\/deili.fi\/index.php?rest_route=\/wp\/v2\/users\/1"}],"replies":[{"embeddable":true,"href":"http:\/\/deili.fi\/index.php?rest_route=%2Fwp%2Fv2%2Fcomments&post=33"}],"version-history":[{"count":9,"href":"http:\/\/deili.fi\/index.php?rest_route=\/wp\/v2\/pages\/33\/revisions"}],"predecessor-version":[{"id":345,"href":"http:\/\/deili.fi\/index.php?rest_route=\/wp\/v2\/pages\/33\/revisions\/345"}],"up":[{"embeddable":true,"href":"http:\/\/deili.fi\/index.php?rest_route=\/wp\/v2\/pages\/87"}],"wp:featuredmedia":[{"embeddable":true,"href":"http:\/\/deili.fi\/index.php?rest_route=\/wp\/v2\/media\/344"}],"wp:attachment":[{"href":"http:\/\/deili.fi\/index.php?rest_route=%2Fwp%2Fv2%2Fmedia&parent=33"}],"curies":[{"name":"wp","href":"https:\/\/api.w.org\/{rel}","templated":true}]}}