{"id":75,"date":"2015-04-07T23:36:38","date_gmt":"2015-04-07T20:36:38","guid":{"rendered":"http:\/\/deili.fi\/?page_id=75"},"modified":"2021-10-20T22:29:26","modified_gmt":"2021-10-20T19:29:26","slug":"mb-sprinter","status":"publish","type":"page","link":"http:\/\/deili.fi\/?page_id=75","title":{"rendered":"Vw Crafter"},"content":{"rendered":"<p style=\"text-align: center;\"><strong>En stor och rymlig paketbil med dubbla d\u00f6rrar baktill och skjutd\u00f6rr p\u00e5 h\u00f6gersida.<\/strong><\/p>\n<p style=\"text-align: center;\"><strong>Iso ja tilava paku kahdella ovella takana ja liukuovi oikealla puolella.<\/strong><\/p>\n<p style=\"text-align: center;\">2,0l dieselmotor<\/p>\n<p style=\"text-align: center;\">3 pers\/henk.<\/p>\n<p style=\"text-align: center;\">2020<\/p>\n<p style=\"text-align: center;\">dragkrok\/vetokoukku (2000 kg, 13pol)<\/p>\n<p style=\"text-align: center;\">f\u00f6rs\u00e4kring ing\u00e5r (sj\u00e4lvrisk 700\u20ac)<\/p>\n<p style=\"text-align: center;\">vakuutus sis. (omavastuu 700\u20ac)<\/p>\n","protected":false},"excerpt":{"rendered":"<p>En stor och rymlig paketbil med dubbla d\u00f6rrar baktill och skjutd\u00f6rr p\u00e5 h\u00f6gersida. Iso ja tilava paku kahdella ovella takana ja liukuovi oikealla puolella. 2,0l dieselmotor 3 pers\/henk. 2020 dragkrok\/vetokoukku (2000 kg, 13pol) f\u00f6rs\u00e4kring ing\u00e5r (sj\u00e4lvrisk 700\u20ac) vakuutus sis. (omavastuu 700\u20ac)<\/p>\n","protected":false},"author":1,"featured_media":341,"parent":87,"menu_order":3,"comment_status":"closed","ping_status":"closed","template":"","meta":[],"_links":{"self":[{"href":"http:\/\/deili.fi\/index.php?rest_route=\/wp\/v2\/pages\/75"}],"collection":[{"href":"http:\/\/deili.fi\/index.php?rest_route=\/wp\/v2\/pages"}],"about":[{"href":"http:\/\/deili.fi\/index.php?rest_route=\/wp\/v2\/types\/page"}],"author":[{"embeddable":true,"href":"http:\/\/deili.fi\/index.php?rest_route=\/wp\/v2\/users\/1"}],"replies":[{"embeddable":true,"href":"http:\/\/deili.fi\/index.php?rest_route=%2Fwp%2Fv2%2Fcomments&post=75"}],"version-history":[{"count":5,"href":"http:\/\/deili.fi\/index.php?rest_route=\/wp\/v2\/pages\/75\/revisions"}],"predecessor-version":[{"id":342,"href":"http:\/\/deili.fi\/index.php?rest_route=\/wp\/v2\/pages\/75\/revisions\/342"}],"up":[{"embeddable":true,"href":"http:\/\/deili.fi\/index.php?rest_route=\/wp\/v2\/pages\/87"}],"wp:featuredmedia":[{"embeddable":true,"href":"http:\/\/deili.fi\/index.php?rest_route=\/wp\/v2\/media\/341"}],"wp:attachment":[{"href":"http:\/\/deili.fi\/index.php?rest_route=%2Fwp%2Fv2%2Fmedia&parent=75"}],"curies":[{"name":"wp","href":"https:\/\/api.w.org\/{rel}","templated":true}]}}