{"id":94,"date":"2015-04-07T23:56:20","date_gmt":"2015-04-07T20:56:20","guid":{"rendered":"http:\/\/deili.fi\/?page_id=94"},"modified":"2025-05-08T10:28:37","modified_gmt":"2025-05-08T07:28:37","slug":"priser","status":"publish","type":"page","link":"http:\/\/deili.fi\/?page_id=94","title":{"rendered":"Priser\/Hinnat"},"content":{"rendered":"<p style=\"text-align: center;\"><em><strong>Personbilar\/Henkil\u00f6autot<\/strong><\/em><\/p>\n<p style=\"text-align: center;\"><strong>Polo\/Klass A <\/strong>:<\/p>\n<p style=\"text-align: center;\">1 h &#8211; 20 \u20ac<\/p>\n<p style=\"text-align: center;\">1 dygn\/vrk\/&lt;100km &#8211; 59 \u20ac<\/p>\n<p style=\"text-align: center;\">1 dygn\/vrk\/free km &#8211; 79 \u20ac<\/p>\n<p style=\"text-align: center;\">till\u00e4ggsdygn &#8211; 50 \u20ac<\/p>\n<p style=\"text-align: center;\"><strong>Taigo\/Klass B:<\/strong><\/p>\n<p style=\"text-align: center;\">1 dygn\/vrk\/&lt;100km &#8211; 79 \u20ac<\/p>\n<p style=\"text-align: center;\">1 dygn\/vrk\/free km &#8211; 89 \u20ac<\/p>\n<p style=\"text-align: center;\">till\u00e4ggsdygn &#8211; 50 \u20ac<\/p>\n<p style=\"text-align: center;\"><b>Golf\/Klass C <\/b>:<\/p>\n<p style=\"text-align: center;\">1 dygn\/vrk\/&lt;100km &#8211; 89 \u20ac<\/p>\n<p style=\"text-align: center;\">1 dygn\/vrk\/free km &#8211; 99 \u20ac<\/p>\n<p style=\"text-align: center;\">till\u00e4ggsdygn &#8211; 60 \u20ac<\/p>\n<p style=\"text-align: center;\"><strong>Passat\/Klass D<\/strong> :<\/p>\n<p style=\"text-align: center;\">1 dygn\/vrk\/ &lt;100km &#8211; 99 \u20ac<\/p>\n<p style=\"text-align: center;\">1 dygn\/vrk\/free km &#8211; 109\u20ac<\/p>\n<p style=\"text-align: center;\">till\u00e4ggsdygn &#8211; 70 \u20ac<\/p>\n<p style=\"text-align: center;\"><strong>Caravelle <\/strong>:<\/p>\n<p style=\"text-align: center;\">1 dygn\/vrk\u00a0 &lt;200km &#8211; 100\u20ac<\/p>\n<p style=\"text-align: center;\">1 dygn\/vrk\u00a0 free km &#8211; 160\u20ac<\/p>\n<p style=\"text-align: center;\"><b>Sprinter buss <\/b>:<\/p>\n<p style=\"text-align: center;\">1 dygn\/vrk\u00a0 free km &#8211; 160\u20ac<\/p>\n<p style=\"text-align: center;\">&#8211;<\/p>\n<p style=\"text-align: center;\"><em><strong>Paketbilar\/Pakettiautot<\/strong><\/em><\/p>\n<p style=\"text-align: center;\"><strong>Transporter <\/strong>: 3h\/ &lt;100km &#8211; 60\u20ac<\/p>\n<p style=\"text-align: center;\">1 dygn\/vrk\/ &lt;200km &#8211; 100\u20ac<\/p>\n<p style=\"text-align: center;\">1 dygn\/vrk\/free km &#8211; 160\u20ac<\/p>\n<p style=\"text-align: center;\"><b>Ducato\/Crafter<\/b>: 3h\/ &lt;100km &#8211; 75\u20ac<\/p>\n<p style=\"text-align: center;\">1 dygn\/vrk\/ &lt;200km &#8211; 100\u20ac<\/p>\n<p style=\"text-align: center;\">1 dygn\/vrk\/free km &#8211; 160\u20ac<\/p>\n<p style=\"text-align: center;\">&#8211;<\/p>\n<p style=\"text-align: center;\"><em><strong>OBS ! ! ! F\u00f6r flera dygn, ring och kolla dagens pris !<\/strong><\/em><\/p>\n<p style=\"text-align: center;\">Vid \u00f6nskade tillbeh\u00f6r s\u00e5som bilbarnstolar, gps eller sp\u00e4nnremmar, fr\u00e5ga efter!<\/p>\n<p style=\"text-align: center;\">Jos tarvitset lis\u00e4 varusteita kuten lastenistuimet, navigaattorit tai kiristyshihnat, kysy lis\u00e4\u00e4 meilt\u00e4!<\/p>\n<p style=\"text-align: center;\"><strong>Alla priser \u00e4r inkl. 25,5% moms och inneh\u00e5ller en f\u00f6rs\u00e4kring med 700\u20ac sj\u00e4lvrisk.<\/strong><\/p>\n<p style=\"text-align: center;\"><strong>Kaikki hinnat sis\u00e4lt\u00e4v\u00e4t 25,5% alv ja my\u00f6s vakuutuksen 700\u20ac omavastuulla.<\/strong><\/p>\n<p style=\"text-align: center;\"><strong>Fulltank vid upph\u00e4mtning och retur, br\u00e4nsle ing\u00e5r ej!<\/strong><\/p>\n<p style=\"text-align: center;\"><strong>T\u00e4ysi tankki noudattaessa ja palauttaessa, polttoaineet eiv\u00e4t sis\u00e4lly hintaan!<\/strong><\/p>\n","protected":false},"excerpt":{"rendered":"<p>Personbilar\/Henkil\u00f6autot Polo\/Klass A : 1 h &#8211; 20 \u20ac 1 dygn\/vrk\/&lt;100km &#8211; 59 \u20ac 1 dygn\/vrk\/free km &#8211; 79 \u20ac till\u00e4ggsdygn &#8211; 50 \u20ac Taigo\/Klass B: 1 dygn\/vrk\/&lt;100km &#8211; 79 \u20ac 1 dygn\/vrk\/free km &#8211; 89 \u20ac till\u00e4ggsdygn &#8211; 50 \u20ac Golf\/Klass C : 1 dygn\/vrk\/&lt;100km &#8211; 89 \u20ac 1 dygn\/vrk\/free km &#8211; 99 \u20ac<\/p>\n","protected":false},"author":1,"featured_media":0,"parent":0,"menu_order":6,"comment_status":"closed","ping_status":"closed","template":"","meta":[],"_links":{"self":[{"href":"http:\/\/deili.fi\/index.php?rest_route=\/wp\/v2\/pages\/94"}],"collection":[{"href":"http:\/\/deili.fi\/index.php?rest_route=\/wp\/v2\/pages"}],"about":[{"href":"http:\/\/deili.fi\/index.php?rest_route=\/wp\/v2\/types\/page"}],"author":[{"embeddable":true,"href":"http:\/\/deili.fi\/index.php?rest_route=\/wp\/v2\/users\/1"}],"replies":[{"embeddable":true,"href":"http:\/\/deili.fi\/index.php?rest_route=%2Fwp%2Fv2%2Fcomments&post=94"}],"version-history":[{"count":31,"href":"http:\/\/deili.fi\/index.php?rest_route=\/wp\/v2\/pages\/94\/revisions"}],"predecessor-version":[{"id":370,"href":"http:\/\/deili.fi\/index.php?rest_route=\/wp\/v2\/pages\/94\/revisions\/370"}],"wp:attachment":[{"href":"http:\/\/deili.fi\/index.php?rest_route=%2Fwp%2Fv2%2Fmedia&parent=94"}],"curies":[{"name":"wp","href":"https:\/\/api.w.org\/{rel}","templated":true}]}}